{"id":65,"date":"2025-09-17T09:58:29","date_gmt":"2025-09-17T08:58:29","guid":{"rendered":"https:\/\/www.docteur-gentil-pierrick-chirurgien-dentiste.fr\/?page_id=65"},"modified":"2026-03-30T09:30:10","modified_gmt":"2026-03-30T08:30:10","slug":"soins","status":"publish","type":"page","link":"https:\/\/www.docteur-gentil-pierrick-chirurgien-dentiste.fr\/?page_id=65","title":{"rendered":"Plateau technique"},"content":{"rendered":"<p>[et_pb_section fb_built=\u00a0\u00bb1&Prime; module_id=\u00a0\u00bbplateau_technique\u00a0\u00bb _builder_version=\u00a0\u00bb4.9.1&Prime; _module_preset=\u00a0\u00bbdefault\u00a0\u00bb background_color=\u00a0\u00bb#aea489&Prime;][et_pb_row column_structure=\u00a0\u00bb2_3,1_3&Prime; _builder_version=\u00a0\u00bb4.9.1&Prime; _module_preset=\u00a0\u00bbdefault\u00a0\u00bb][et_pb_column type=\u00a0\u00bb2_3&Prime; _builder_version=\u00a0\u00bb4.9.1&Prime; _module_preset=\u00a0\u00bbdefault\u00a0\u00bb][et_pb_slider _builder_version=\u00a0\u00bb4.9.1&Prime; _module_preset=\u00a0\u00bbdefault\u00a0\u00bb][et_pb_slide heading=\u00a0\u00bbPLATEAU TECHNIQUE &#038; TECHNOLOGIE DE POINTE \u00a0\u00bb _builder_version=\u00a0\u00bb4.9.1&Prime; _module_preset=\u00a0\u00bbdefault\u00a0\u00bb header_font_size=\u00a0\u00bb34px\u00a0\u00bb background_color=\u00a0\u00bb#000000&Prime; background_enable_color=\u00a0\u00bbon\u00a0\u00bb sticky_transition=\u00a0\u00bbon\u00a0\u00bb]<\/p>\n<p style=\"text-align: justify;\">Nous utilisons les technologies les plus r\u00e9centes pour garantir des soins dentaires pr\u00e9cis, efficaces et confortables.<\/p>\n<p style=\"text-align: justify;\">Nos \u00e9quipements modernes, combin\u00e9s \u00e0 un environnement st\u00e9rile et s\u00e9curis\u00e9, nous permettent d\u2019offrir des traitements de qualit\u00e9 sup\u00e9rieure.<\/p>\n<p>[\/et_pb_slide][\/et_pb_slider][\/et_pb_column][et_pb_column type=\u00a0\u00bb1_3&Prime; _builder_version=\u00a0\u00bb4.9.1&Prime; _module_preset=\u00a0\u00bbdefault\u00a0\u00bb][et_pb_button button_url=\u00a0\u00bb#cone_beam\u00a0\u00bb button_text=\u00a0\u00bbCONE BEAM\u00a0\u00bb button_alignment=\u00a0\u00bbcenter\u00a0\u00bb _builder_version=\u00a0\u00bb4.9.1&Prime; _module_preset=\u00a0\u00bbdefault\u00a0\u00bb custom_button=\u00a0\u00bbon\u00a0\u00bb button_text_color=\u00a0\u00bb#FFFFFF\u00a0\u00bb button_bg_color=\u00a0\u00bb#000000&Prime; button_border_color=\u00a0\u00bb#000000&Prime; hover_enabled=\u00a0\u00bb0&Prime; button_use_icon=\u00a0\u00bboff\u00a0\u00bb sticky_enabled=\u00a0\u00bb0&Prime;][\/et_pb_button][et_pb_button button_url=\u00a0\u00bb#empreinte_numerique\u00a0\u00bb button_text=\u00a0\u00bbEMPREINTE NUMERIQUE\u00a0\u00bb button_alignment=\u00a0\u00bbcenter\u00a0\u00bb _builder_version=\u00a0\u00bb4.9.1&Prime; _module_preset=\u00a0\u00bbdefault\u00a0\u00bb custom_button=\u00a0\u00bbon\u00a0\u00bb button_text_color=\u00a0\u00bb#FFFFFF\u00a0\u00bb button_bg_color=\u00a0\u00bb#000000&Prime; button_border_color=\u00a0\u00bb#000000&Prime; hover_enabled=\u00a0\u00bb0&Prime; button_use_icon=\u00a0\u00bboff\u00a0\u00bb sticky_enabled=\u00a0\u00bb0&Prime;][\/et_pb_button][et_pb_button button_url=\u00a0\u00bb#chirurgie_guidee\u00a0\u00bb button_text=\u00a0\u00bbCHIRURGIE GUIDEE\u00a0\u00bb button_alignment=\u00a0\u00bbcenter\u00a0\u00bb _builder_version=\u00a0\u00bb4.9.1&Prime; _module_preset=\u00a0\u00bbdefault\u00a0\u00bb custom_button=\u00a0\u00bbon\u00a0\u00bb button_text_color=\u00a0\u00bb#FFFFFF\u00a0\u00bb button_bg_color=\u00a0\u00bb#000000&Prime; button_border_color=\u00a0\u00bb#000000&Prime; hover_enabled=\u00a0\u00bb0&Prime; button_use_icon=\u00a0\u00bboff\u00a0\u00bb sticky_enabled=\u00a0\u00bb0&Prime;][\/et_pb_button][et_pb_button button_url=\u00a0\u00bb#bloc_operatoire\u00a0\u00bb button_text=\u00a0\u00bbBLOC OPERATOIRE\u00a0\u00bb button_alignment=\u00a0\u00bbcenter\u00a0\u00bb _builder_version=\u00a0\u00bb4.9.1&Prime; _module_preset=\u00a0\u00bbdefault\u00a0\u00bb custom_button=\u00a0\u00bbon\u00a0\u00bb button_text_color=\u00a0\u00bb#FFFFFF\u00a0\u00bb button_bg_color=\u00a0\u00bb#000000&Prime; button_border_color=\u00a0\u00bb#000000&Prime; hover_enabled=\u00a0\u00bb0&Prime; button_use_icon=\u00a0\u00bboff\u00a0\u00bb sticky_enabled=\u00a0\u00bb0&Prime;][\/et_pb_button][et_pb_button button_url=\u00a0\u00bb#sterilisation\u00a0\u00bb button_text=\u00a0\u00bbSTERILISATION\u00a0\u00bb button_alignment=\u00a0\u00bbcenter\u00a0\u00bb _builder_version=\u00a0\u00bb4.9.1&Prime; _module_preset=\u00a0\u00bbdefault\u00a0\u00bb custom_button=\u00a0\u00bbon\u00a0\u00bb button_text_color=\u00a0\u00bb#FFFFFF\u00a0\u00bb button_bg_color=\u00a0\u00bb#000000&Prime; button_border_color=\u00a0\u00bb#000000&Prime; hover_enabled=\u00a0\u00bb0&Prime; button_use_icon=\u00a0\u00bboff\u00a0\u00bb sticky_enabled=\u00a0\u00bb0&Prime;][\/et_pb_button][\/et_pb_column][\/et_pb_row][\/et_pb_section][et_pb_section fb_built=\u00a0\u00bb1&Prime; module_id=\u00a0\u00bbcone_beam\u00a0\u00bb _builder_version=\u00a0\u00bb4.9.1&Prime; _module_preset=\u00a0\u00bbdefault\u00a0\u00bb background_color=\u00a0\u00bb#aea489&Prime; background_enable_image=\u00a0\u00bboff\u00a0\u00bb parallax=\u00a0\u00bbon\u00a0\u00bb][et_pb_row column_structure=\u00a0\u00bb2_5,3_5&Prime; _builder_version=\u00a0\u00bb4.9.1&Prime; _module_preset=\u00a0\u00bbdefault\u00a0\u00bb][et_pb_column type=\u00a0\u00bb2_5&Prime; _builder_version=\u00a0\u00bb4.9.1&Prime; _module_preset=\u00a0\u00bbdefault\u00a0\u00bb][et_pb_slider _builder_version=\u00a0\u00bb4.9.1&Prime; _module_preset=\u00a0\u00bbdefault\u00a0\u00bb body_text_color=\u00a0\u00bb#FFFFFF\u00a0\u00bb][et_pb_slide heading=\u00a0\u00bbCONE BEAM\u00a0\u00bb button_text=\u00a0\u00bbRetour en haut\u00a0\u00bb button_link=\u00a0\u00bb#plateau_technique\u00a0\u00bb _builder_version=\u00a0\u00bb4.9.1&Prime; _module_preset=\u00a0\u00bbdefault\u00a0\u00bb header_font_size=\u00a0\u00bb40px\u00a0\u00bb body_text_align=\u00a0\u00bbjustify\u00a0\u00bb background_color=\u00a0\u00bb#000000&Prime; background_enable_color=\u00a0\u00bbon\u00a0\u00bb custom_button=\u00a0\u00bbon\u00a0\u00bb button_text_color=\u00a0\u00bb#000000&Prime; button_bg_color=\u00a0\u00bb#FFFFFF\u00a0\u00bb button_icon=\u00a0\u00bb%%187%%\u00a0\u00bb sticky_transition=\u00a0\u00bbon\u00a0\u00bb]<\/p>\n<p><strong>Imagerie 3D avanc\u00e9e<\/strong><br \/>Le Cone Beam, ou tomographie volumique \u00e0 faisceau conique, fournit des images tridimensionnelles d\u00e9taill\u00e9es des structures dentaires, osseuses et nerveuses.<\/p>\n<p>&#8211; D\u00e9tection des infections, fractures, kystes et l\u00e9sions osseuses invisibles sur des radiographies classiques.<\/p>\n<p>&#8211; \u00c9valuation pr\u00e9cise du volume osseux pour la planification des implants.<\/p>\n<p>&#8211; Localisation des nerfs pour r\u00e9duire les risques lors des interventions chirurgicales.<\/p>\n<p>[\/et_pb_slide][\/et_pb_slider][\/et_pb_column][et_pb_column type=\u00a0\u00bb3_5&Prime; _builder_version=\u00a0\u00bb4.9.1&Prime; _module_preset=\u00a0\u00bbdefault\u00a0\u00bb][et_pb_gallery gallery_ids=\u00a0\u00bb219,173,174,175&Prime; fullwidth=\u00a0\u00bbon\u00a0\u00bb _builder_version=\u00a0\u00bb4.9.1&Prime; _module_preset=\u00a0\u00bbdefault\u00a0\u00bb][\/et_pb_gallery][\/et_pb_column][\/et_pb_row][\/et_pb_section][et_pb_section fb_built=\u00a0\u00bb1&Prime; module_id=\u00a0\u00bbempreinte_numerique\u00a0\u00bb _builder_version=\u00a0\u00bb4.9.1&Prime; _module_preset=\u00a0\u00bbdefault\u00a0\u00bb background_color=\u00a0\u00bb#aea489&Prime; background_enable_image=\u00a0\u00bboff\u00a0\u00bb parallax=\u00a0\u00bbon\u00a0\u00bb][et_pb_row column_structure=\u00a0\u00bb3_5,2_5&Prime; _builder_version=\u00a0\u00bb4.9.1&Prime; _module_preset=\u00a0\u00bbdefault\u00a0\u00bb][et_pb_column type=\u00a0\u00bb3_5&Prime; _builder_version=\u00a0\u00bb4.9.1&Prime; _module_preset=\u00a0\u00bbdefault\u00a0\u00bb][et_pb_image src=\u00a0\u00bbhttps:\/\/www.docteur-gentil-pierrick-chirurgien-dentiste.fr\/wp-content\/uploads\/2025\/09\/dsc01422.avif\u00a0\u00bb title_text=\u00a0\u00bbdsc01422&Prime; _builder_version=\u00a0\u00bb4.9.1&Prime; _module_preset=\u00a0\u00bbdefault\u00a0\u00bb][\/et_pb_image][\/et_pb_column][et_pb_column type=\u00a0\u00bb2_5&Prime; _builder_version=\u00a0\u00bb4.9.1&Prime; _module_preset=\u00a0\u00bbdefault\u00a0\u00bb][et_pb_slider _builder_version=\u00a0\u00bb4.9.1&Prime; _module_preset=\u00a0\u00bbdefault\u00a0\u00bb body_text_color=\u00a0\u00bb#FFFFFF\u00a0\u00bb custom_button=\u00a0\u00bbon\u00a0\u00bb button_text_color=\u00a0\u00bb#000000&Prime; button_bg_color=\u00a0\u00bb#FFFFFF\u00a0\u00bb button_icon=\u00a0\u00bb%%187%%\u00a0\u00bb][et_pb_slide heading=\u00a0\u00bbEMPREINTE NUMERIQUE\u00a0\u00bb button_text=\u00a0\u00bbRetour en haut\u00a0\u00bb button_link=\u00a0\u00bb#plateau_technique\u00a0\u00bb _builder_version=\u00a0\u00bb4.9.1&Prime; _module_preset=\u00a0\u00bbdefault\u00a0\u00bb header_text_align=\u00a0\u00bbcenter\u00a0\u00bb header_font_size=\u00a0\u00bb40px\u00a0\u00bb body_text_align=\u00a0\u00bbjustify\u00a0\u00bb background_color=\u00a0\u00bb#000000&Prime; background_enable_color=\u00a0\u00bbon\u00a0\u00bb sticky_transition=\u00a0\u00bbon\u00a0\u00bb]<\/p>\n<p>Nous utilisons des scanners num\u00e9riques pour capturer les empreintes de vos dents avec une pr\u00e9cision exceptionnelle.<\/p>\n<p>Avantages :<\/p>\n<p>&#8211; Confort accru, sans utilisation de mat\u00e9riaux de moulage traditionnels.<\/p>\n<p>&#8211; Rapidit\u00e9 du processus et transmission imm\u00e9diate aux laboratoires.<\/p>\n<p>&#8211; R\u00e9duction des d\u00e9chets pour une approche plus respectueuse de l\u2019environnement.<\/p>\n<p>[\/et_pb_slide][\/et_pb_slider][\/et_pb_column][\/et_pb_row][\/et_pb_section][et_pb_section fb_built=\u00a0\u00bb1&Prime; module_id=\u00a0\u00bbchirurgie_guidee\u00a0\u00bb _builder_version=\u00a0\u00bb4.9.1&Prime; _module_preset=\u00a0\u00bbdefault\u00a0\u00bb background_color=\u00a0\u00bb#aea489&Prime; background_enable_image=\u00a0\u00bboff\u00a0\u00bb][et_pb_row column_structure=\u00a0\u00bb2_5,3_5&Prime; _builder_version=\u00a0\u00bb4.9.1&Prime; _module_preset=\u00a0\u00bbdefault\u00a0\u00bb][et_pb_column type=\u00a0\u00bb2_5&Prime; _builder_version=\u00a0\u00bb4.9.1&Prime; _module_preset=\u00a0\u00bbdefault\u00a0\u00bb][et_pb_slider _builder_version=\u00a0\u00bb4.9.1&Prime; _module_preset=\u00a0\u00bbdefault\u00a0\u00bb body_text_color=\u00a0\u00bb#FFFFFF\u00a0\u00bb custom_button=\u00a0\u00bbon\u00a0\u00bb button_text_color=\u00a0\u00bb#000000&Prime; button_bg_color=\u00a0\u00bb#FFFFFF\u00a0\u00bb button_icon=\u00a0\u00bb%%187%%\u00a0\u00bb][et_pb_slide heading=\u00a0\u00bbCHIRURGIE GUIDEE\u00a0\u00bb button_text=\u00a0\u00bbRetour en haut\u00a0\u00bb button_link=\u00a0\u00bb#plateau_technique\u00a0\u00bb _builder_version=\u00a0\u00bb4.9.1&Prime; _module_preset=\u00a0\u00bbdefault\u00a0\u00bb header_text_align=\u00a0\u00bbcenter\u00a0\u00bb header_font_size=\u00a0\u00bb40px\u00a0\u00bb body_text_align=\u00a0\u00bbjustify\u00a0\u00bb background_color=\u00a0\u00bb#000000&Prime; background_enable_color=\u00a0\u00bbon\u00a0\u00bb sticky_transition=\u00a0\u00bbon\u00a0\u00bb]Une pr\u00e9cision r\u00e9volutionnaire<\/p>\n<p>Gr\u00e2ce \u00e0 la tomographie informatis\u00e9e (CBCT), nous planifions virtuellement chaque \u00e9tape de la chirurgie. Des guides chirurgicaux personnalis\u00e9s garantissent une pr\u00e9cision maximale.<\/p>\n<p>&#8211; Positionnement optimal des implants dentaires.<\/p>\n<p>&#8211; R\u00e9duction des incisions et pr\u00e9servation des tissus sains.<\/p>\n<p>&#8211; R\u00e9sultats esth\u00e9tiques et fonctionnels optimaux.[\/et_pb_slide][\/et_pb_slider][\/et_pb_column][et_pb_column type=\u00a0\u00bb3_5&Prime; _builder_version=\u00a0\u00bb4.9.1&Prime; _module_preset=\u00a0\u00bbdefault\u00a0\u00bb][et_pb_gallery gallery_ids=\u00a0\u00bb177,178,179,180&Prime; fullwidth=\u00a0\u00bbon\u00a0\u00bb _builder_version=\u00a0\u00bb4.9.1&Prime; _module_preset=\u00a0\u00bbdefault\u00a0\u00bb][\/et_pb_gallery][\/et_pb_column][\/et_pb_row][\/et_pb_section][et_pb_section fb_built=\u00a0\u00bb1&Prime; module_id=\u00a0\u00bbbloc_operatoire\u00a0\u00bb _builder_version=\u00a0\u00bb4.9.1&Prime; _module_preset=\u00a0\u00bbdefault\u00a0\u00bb background_color=\u00a0\u00bb#aea489&Prime;][et_pb_row column_structure=\u00a0\u00bb3_5,2_5&Prime; _builder_version=\u00a0\u00bb4.9.1&Prime; _module_preset=\u00a0\u00bbdefault\u00a0\u00bb][et_pb_column type=\u00a0\u00bb3_5&Prime; _builder_version=\u00a0\u00bb4.9.1&Prime; _module_preset=\u00a0\u00bbdefault\u00a0\u00bb][et_pb_image src=\u00a0\u00bbdata:image\/svg+xml;base64,PHN2ZyB3aWR0aD0iMTA4MCIgaGVpZ2h0PSI1NDAiIHZpZXdCb3g9IjAgMCAxMDgwIDU0MCIgeG1sbnM9Imh0dHA6Ly93d3cudzMub3JnLzIwMDAvc3ZnIj4KICAgIDxnIGZpbGw9Im5vbmUiIGZpbGwtcnVsZT0iZXZlbm9kZCI+CiAgICAgICAgPHBhdGggZmlsbD0iI0VCRUJFQiIgZD0iTTAgMGgxMDgwdjU0MEgweiIvPgogICAgICAgIDxwYXRoIGQ9Ik00NDUuNjQ5IDU0MGgtOTguOTk1TDE0NC42NDkgMzM3Ljk5NSAwIDQ4Mi42NDR2LTk4Ljk5NWwxMTYuMzY1LTExNi4zNjVjMTUuNjItMTUuNjIgNDAuOTQ3LTE1LjYyIDU2LjU2OCAwTDQ0NS42NSA1NDB6IiBmaWxsLW9wYWNpdHk9Ii4xIiBmaWxsPSIjMDAwIiBmaWxsLXJ1bGU9Im5vbnplcm8iLz4KICAgICAgICA8Y2lyY2xlIGZpbGwtb3BhY2l0eT0iLjA1IiBmaWxsPSIjMDAwIiBjeD0iMzMxIiBjeT0iMTQ4IiByPSI3MCIvPgogICAgICAgIDxwYXRoIGQ9Ik0xMDgwIDM3OXYxMTMuMTM3TDcyOC4xNjIgMTQwLjMgMzI4LjQ2MiA1NDBIMjE1LjMyNEw2OTkuODc4IDU1LjQ0NmMxNS42Mi0xNS42MiA0MC45NDgtMTUuNjIgNTYuNTY4IDBMMTA4MCAzNzl6IiBmaWxsLW9wYWNpdHk9Ii4yIiBmaWxsPSIjMDAwIiBmaWxsLXJ1bGU9Im5vbnplcm8iLz4KICAgIDwvZz4KPC9zdmc+Cg==\u00a0\u00bb _builder_version=\u00a0\u00bb4.9.1&Prime; _module_preset=\u00a0\u00bbdefault\u00a0\u00bb][\/et_pb_image][\/et_pb_column][et_pb_column type=\u00a0\u00bb2_5&Prime; _builder_version=\u00a0\u00bb4.9.1&Prime; _module_preset=\u00a0\u00bbdefault\u00a0\u00bb][et_pb_slider _builder_version=\u00a0\u00bb4.9.1&Prime; _module_preset=\u00a0\u00bbdefault\u00a0\u00bb body_text_color=\u00a0\u00bb#FFFFFF\u00a0\u00bb custom_button=\u00a0\u00bbon\u00a0\u00bb button_text_color=\u00a0\u00bb#000000&Prime; button_bg_color=\u00a0\u00bb#FFFFFF\u00a0\u00bb button_icon=\u00a0\u00bb%%187%%\u00a0\u00bb][et_pb_slide heading=\u00a0\u00bbbloc op\u00e9ratoire\u00a0\u00bb button_text=\u00a0\u00bbRetour en haut\u00a0\u00bb button_link=\u00a0\u00bb#plateau_technique\u00a0\u00bb _builder_version=\u00a0\u00bb4.9.1&Prime; _module_preset=\u00a0\u00bbdefault\u00a0\u00bb header_font=\u00a0\u00bb|||on|||||\u00a0\u00bb header_text_align=\u00a0\u00bbcenter\u00a0\u00bb header_font_size=\u00a0\u00bb40px\u00a0\u00bb body_text_align=\u00a0\u00bbjustify\u00a0\u00bb background_color=\u00a0\u00bb#000000&Prime; background_enable_color=\u00a0\u00bbon\u00a0\u00bb sticky_transition=\u00a0\u00bbon\u00a0\u00bb][\/et_pb_slide][\/et_pb_slider][\/et_pb_column][\/et_pb_row][\/et_pb_section][et_pb_section fb_built=\u00a0\u00bb1&Prime; module_id=\u00a0\u00bbsterilisation\u00a0\u00bb _builder_version=\u00a0\u00bb4.9.1&Prime; _module_preset=\u00a0\u00bbdefault\u00a0\u00bb background_color=\u00a0\u00bb#aea489&Prime;][et_pb_row column_structure=\u00a0\u00bb2_5,3_5&Prime; _builder_version=\u00a0\u00bb4.9.1&Prime; _module_preset=\u00a0\u00bbdefault\u00a0\u00bb][et_pb_column type=\u00a0\u00bb2_5&Prime; _builder_version=\u00a0\u00bb4.9.1&Prime; _module_preset=\u00a0\u00bbdefault\u00a0\u00bb][et_pb_slider _builder_version=\u00a0\u00bb4.9.1&Prime; _module_preset=\u00a0\u00bbdefault\u00a0\u00bb body_text_color=\u00a0\u00bb#FFFFFF\u00a0\u00bb custom_button=\u00a0\u00bbon\u00a0\u00bb button_text_color=\u00a0\u00bb#000000&Prime; button_bg_color=\u00a0\u00bb#FFFFFF\u00a0\u00bb button_icon=\u00a0\u00bb%%187%%\u00a0\u00bb][et_pb_slide heading=\u00a0\u00bbst\u00e9rilisation\u00a0\u00bb button_text=\u00a0\u00bbRetour en haut\u00a0\u00bb button_link=\u00a0\u00bb#plateau_technique\u00a0\u00bb _builder_version=\u00a0\u00bb4.9.1&Prime; _module_preset=\u00a0\u00bbdefault\u00a0\u00bb header_font=\u00a0\u00bb|||on|||||\u00a0\u00bb header_text_align=\u00a0\u00bbcenter\u00a0\u00bb header_font_size=\u00a0\u00bb40px\u00a0\u00bb body_text_align=\u00a0\u00bbjustify\u00a0\u00bb background_color=\u00a0\u00bb#000000&Prime; background_enable_color=\u00a0\u00bbon\u00a0\u00bb sticky_transition=\u00a0\u00bbon\u00a0\u00bb]<\/p>\n<p>Une s\u00e9curit\u00e9 maximale pour nos patients<\/p>\n<p>Au Cabinet Dentaire du R\u00e9art, la s\u00e9curit\u00e9 et l\u2019hygi\u00e8ne sont au c\u0153ur de nos pr\u00e9occupations. Nous utilisons des \u00e9quipements modernes et suivons des protocoles rigoureux pour garantir une d\u00e9sinfection et une st\u00e9rilisation optimales, assurant ainsi des soins en toute s\u00e9r\u00e9nit\u00e9.<\/p>\n<p>&nbsp;<\/p>\n<ul>\n<li>D\u00e9sinfection par ultrason<\/li>\n<li>St\u00e9rilisation par autoclave<\/li>\n<li>Nos pratiques d&rsquo;hygi\u00e8ne renforc\u00e9es<\/li>\n<\/ul>\n<p>[\/et_pb_slide][\/et_pb_slider][\/et_pb_column][et_pb_column type=\u00a0\u00bb3_5&Prime; _builder_version=\u00a0\u00bb4.9.1&Prime; _module_preset=\u00a0\u00bbdefault\u00a0\u00bb][et_pb_slider _builder_version=\u00a0\u00bb4.9.1&Prime; _module_preset=\u00a0\u00bbdefault\u00a0\u00bb background_color=\u00a0\u00bb#88a181&Prime;][et_pb_slide heading=\u00a0\u00bbD\u00e9sinfection par ultrason\u00a0\u00bb image=\u00a0\u00bbhttps:\/\/www.docteur-gentil-pierrick-chirurgien-dentiste.fr\/wp-content\/uploads\/2025\/09\/Ultrasonic-instrument-cleaner_-Disinfection-of-dental-instruments.avif\u00a0\u00bb _builder_version=\u00a0\u00bb4.9.1&Prime; _module_preset=\u00a0\u00bbdefault\u00a0\u00bb body_text_align=\u00a0\u00bbleft\u00a0\u00bb sticky_transition=\u00a0\u00bbon\u00a0\u00bb]<\/p>\n<p>Un nettoyage en profondeur<\/p>\n<p>Avant toute st\u00e9rilisation, les instruments sont immerg\u00e9s dans un bain \u00e0 ultrasons.<\/p>\n<p>Ce processus :\u200b<\/p>\n<ul>\n<li>\u00c9limine efficacement les r\u00e9sidus invisibles \u00e0 l\u2019\u0153il nu, tels que les particules organiques et les d\u00e9bris.<\/li>\n<li>Atteint les zones difficiles d\u2019acc\u00e8s gr\u00e2ce aux vibrations ultrasoniques.<\/li>\n<li>Pr\u00e9pare les instruments pour une st\u00e9rilisation optimale en autoclave.<\/li>\n<\/ul>\n<p>[\/et_pb_slide][et_pb_slide heading=\u00a0\u00bbSt\u00e9rilisation par autoclave\u00a0\u00bb image=\u00a0\u00bbhttps:\/\/www.docteur-gentil-pierrick-chirurgien-dentiste.fr\/wp-content\/uploads\/2025\/09\/Assistants-hand-in-gloves-insert-packaged-dental-instrument-to-the-autoclave-to-sterilise.avif\u00a0\u00bb _builder_version=\u00a0\u00bb4.9.1&Prime; _module_preset=\u00a0\u00bbdefault\u00a0\u00bb body_text_align=\u00a0\u00bbleft\u00a0\u00bb sticky_transition=\u00a0\u00bbon\u00a0\u00bb]<\/p>\n<p>Une garantie de st\u00e9rilit\u00e9 totale<\/p>\n<p>Apr\u00e8s la d\u00e9sinfection par ultrasons, tous les instruments passent par un autoclave de derni\u00e8re g\u00e9n\u00e9ration.<\/p>\n<p>Ce proc\u00e9d\u00e9 :<\/p>\n<ul>\n<li>Utilise de la vapeur d\u2019eau sous haute pression pour \u00e9liminer bact\u00e9ries, virus, et spores.<\/li>\n<li>Respecte les normes internationales les plus strictes pour assurer une st\u00e9rilit\u00e9 compl\u00e8te.<\/li>\n<li>Inclut un syst\u00e8me de tra\u00e7abilit\u00e9 pour chaque cycle, garantissant le suivi de chaque instrument utilis\u00e9.<\/li>\n<\/ul>\n<p>[\/et_pb_slide][et_pb_slide heading=\u00a0\u00bbNos pratiques d\u2019hygi\u00e8ne renforc\u00e9es\u00a0\u00bb image=\u00a0\u00bbhttps:\/\/www.docteur-gentil-pierrick-chirurgien-dentiste.fr\/wp-content\/uploads\/2025\/09\/dsc01554.avif\u00a0\u00bb _builder_version=\u00a0\u00bb4.9.1&Prime; _module_preset=\u00a0\u00bbdefault\u00a0\u00bb body_text_align=\u00a0\u00bbleft\u00a0\u00bb sticky_transition=\u00a0\u00bbon\u00a0\u00bb]<\/p>\n<ul>\n<li>Nettoyage rigoureux des surfaces : Toutes les zones de traitement, fauteuils dentaires, et \u00e9quipements sont d\u00e9sinfect\u00e9s entre chaque patient pour \u00e9viter toute contamination crois\u00e9e.<\/li>\n<li>Formation continue de l\u2019\u00e9quipe : Notre personnel est r\u00e9guli\u00e8rement form\u00e9 aux derni\u00e8res recommandations en mati\u00e8re d\u2019asepsie et de contr\u00f4le des infections.<\/li>\n<li>Tra\u00e7abilit\u00e9 stricte : Chaque \u00e9tape du processus de d\u00e9sinfection et de st\u00e9rilisation est document\u00e9e, garantissant une hygi\u00e8ne irr\u00e9prochable.<\/li>\n<\/ul>\n<p>[\/et_pb_slide][\/et_pb_slider][\/et_pb_column][\/et_pb_row][\/et_pb_section]<\/p>\n","protected":false},"excerpt":{"rendered":"<p>[et_pb_section fb_built=\u00a0\u00bb1&Prime; module_id=\u00a0\u00bbplateau_technique\u00a0\u00bb _builder_version=\u00a0\u00bb4.9.1&Prime; _module_preset=\u00a0\u00bbdefault\u00a0\u00bb background_color=\u00a0\u00bb#aea489&Prime;][et_pb_row column_structure=\u00a0\u00bb2_3,1_3&Prime; _builder_version=\u00a0\u00bb4.9.1&Prime; _module_preset=\u00a0\u00bbdefault\u00a0\u00bb][et_pb_column type=\u00a0\u00bb2_3&Prime; _builder_version=\u00a0\u00bb4.9.1&Prime; _module_preset=\u00a0\u00bbdefault\u00a0\u00bb][et_pb_slider _builder_version=\u00a0\u00bb4.9.1&Prime; _module_preset=\u00a0\u00bbdefault\u00a0\u00bb][et_pb_slide heading=\u00a0\u00bbPLATEAU TECHNIQUE &#038; TECHNOLOGIE DE POINTE \u00a0\u00bb _builder_version=\u00a0\u00bb4.9.1&Prime; _module_preset=\u00a0\u00bbdefault\u00a0\u00bb header_font_size=\u00a0\u00bb34px\u00a0\u00bb background_color=\u00a0\u00bb#000000&Prime; background_enable_color=\u00a0\u00bbon\u00a0\u00bb sticky_transition=\u00a0\u00bbon\u00a0\u00bb] Nous utilisons les technologies les plus r\u00e9centes pour garantir des soins dentaires pr\u00e9cis, efficaces et confortables. Nos \u00e9quipements modernes, combin\u00e9s \u00e0 un environnement st\u00e9rile et s\u00e9curis\u00e9, nous permettent [&hellip;]<\/p>\n","protected":false},"author":1,"featured_media":0,"parent":0,"menu_order":0,"comment_status":"closed","ping_status":"closed","template":"","meta":{"_et_pb_use_builder":"on","_et_pb_old_content":"","_et_gb_content_width":"","footnotes":""},"class_list":["post-65","page","type-page","status-publish","hentry"],"_links":{"self":[{"href":"https:\/\/www.docteur-gentil-pierrick-chirurgien-dentiste.fr\/index.php?rest_route=\/wp\/v2\/pages\/65","targetHints":{"allow":["GET"]}}],"collection":[{"href":"https:\/\/www.docteur-gentil-pierrick-chirurgien-dentiste.fr\/index.php?rest_route=\/wp\/v2\/pages"}],"about":[{"href":"https:\/\/www.docteur-gentil-pierrick-chirurgien-dentiste.fr\/index.php?rest_route=\/wp\/v2\/types\/page"}],"author":[{"embeddable":true,"href":"https:\/\/www.docteur-gentil-pierrick-chirurgien-dentiste.fr\/index.php?rest_route=\/wp\/v2\/users\/1"}],"replies":[{"embeddable":true,"href":"https:\/\/www.docteur-gentil-pierrick-chirurgien-dentiste.fr\/index.php?rest_route=%2Fwp%2Fv2%2Fcomments&post=65"}],"version-history":[{"count":5,"href":"https:\/\/www.docteur-gentil-pierrick-chirurgien-dentiste.fr\/index.php?rest_route=\/wp\/v2\/pages\/65\/revisions"}],"predecessor-version":[{"id":258,"href":"https:\/\/www.docteur-gentil-pierrick-chirurgien-dentiste.fr\/index.php?rest_route=\/wp\/v2\/pages\/65\/revisions\/258"}],"wp:attachment":[{"href":"https:\/\/www.docteur-gentil-pierrick-chirurgien-dentiste.fr\/index.php?rest_route=%2Fwp%2Fv2%2Fmedia&parent=65"}],"curies":[{"name":"wp","href":"https:\/\/api.w.org\/{rel}","templated":true}]}}